{"id":79,"date":"2013-08-08T21:51:37","date_gmt":"2013-08-08T19:51:37","guid":{"rendered":"http:\/\/www.spoenle.de\/?page_id=79"},"modified":"2018-05-23T08:26:39","modified_gmt":"2018-05-23T06:26:39","slug":"und-nagelpilz-ist-doch-behandelbar","status":"publish","type":"page","link":"https:\/\/www.spoenle.de\/?page_id=79","title":{"rendered":"&#8230; und Nagelpilz ist doch behandelbar &#8230;"},"content":{"rendered":"<p style=\"text-align: justify;\">Die Pilzsporen, die den Fu\u00df- und Nagelpilz ausl\u00f6sen, sind \u00fcberall. Bei dem Einen bricht\u00a0die Pilzerkrankung sichtbar aus, bei dem Anderen nicht. Je \u00e4lter wir werden, um so schw\u00e4cher wird unser Immunsystem. Deshalb ist Fu\u00df- und Nagelpilz gem\u00e4\u00df vieler Statistiken eine Erkrankung der Lebensmitte und im Alter.<\/p>\n<p style=\"text-align: justify;\">Pilzsporen ben\u00f6tigen f\u00fcr ihre Entfaltung immer Feuchtigkeit, W\u00e4rme und Nahrung. Der ideale N\u00e4hrboden bietet ihnen das Keratin der Haut und der N\u00e4gel.<br \/>\nDer bereits zerst\u00f6rte Nagel ist nicht heilbar.<br \/>\nEine Chance den Nagelpilz zu besiegen besteht aber darin, dem Pilz den N\u00e4hrboden zu nehmen, d.h. die Keratine der Haut und N\u00e4gel so zu bearbeiten, dass die Pilzsporen dort keinen N\u00e4hrboden finden. Dann kann der Nagel pilzfrei nachwachsen.<\/p>\n<p style=\"text-align: justify;\">F\u00fcr weitergehende Informationen vereinbaren Sie gerne einen pers\u00f6nlichen Beratungstermin.<\/p>\n<p style=\"text-align: justify;\">\n","protected":false},"excerpt":{"rendered":"<p>Die Pilzsporen, die den Fu\u00df- und Nagelpilz ausl\u00f6sen, sind \u00fcberall. Bei dem Einen bricht\u00a0die Pilzerkrankung sichtbar aus, bei dem Anderen nicht. Je \u00e4lter wir werden, um so schw\u00e4cher wird unser Immunsystem. Deshalb ist Fu\u00df- und Nagelpilz gem\u00e4\u00df vieler Statistiken eine &hellip; <a href=\"https:\/\/www.spoenle.de\/?page_id=79\">Weiterlesen <span class=\"meta-nav\">&rarr;<\/span><\/a><\/p>\n","protected":false},"author":1,"featured_media":0,"parent":0,"menu_order":0,"comment_status":"closed","ping_status":"closed","template":"","meta":{"footnotes":""},"class_list":["post-79","page","type-page","status-publish","hentry"],"_links":{"self":[{"href":"https:\/\/www.spoenle.de\/index.php?rest_route=\/wp\/v2\/pages\/79","targetHints":{"allow":["GET"]}}],"collection":[{"href":"https:\/\/www.spoenle.de\/index.php?rest_route=\/wp\/v2\/pages"}],"about":[{"href":"https:\/\/www.spoenle.de\/index.php?rest_route=\/wp\/v2\/types\/page"}],"author":[{"embeddable":true,"href":"https:\/\/www.spoenle.de\/index.php?rest_route=\/wp\/v2\/users\/1"}],"replies":[{"embeddable":true,"href":"https:\/\/www.spoenle.de\/index.php?rest_route=%2Fwp%2Fv2%2Fcomments&post=79"}],"version-history":[{"count":12,"href":"https:\/\/www.spoenle.de\/index.php?rest_route=\/wp\/v2\/pages\/79\/revisions"}],"predecessor-version":[{"id":166,"href":"https:\/\/www.spoenle.de\/index.php?rest_route=\/wp\/v2\/pages\/79\/revisions\/166"}],"wp:attachment":[{"href":"https:\/\/www.spoenle.de\/index.php?rest_route=%2Fwp%2Fv2%2Fmedia&parent=79"}],"curies":[{"name":"wp","href":"https:\/\/api.w.org\/{rel}","templated":true}]}}