{"id":23,"date":"2013-07-30T20:49:56","date_gmt":"2013-07-30T18:49:56","guid":{"rendered":"http:\/\/www.naturheilpraxis-obersulm.de\/?page_id=23"},"modified":"2025-04-08T17:53:30","modified_gmt":"2025-04-08T15:53:30","slug":"diagnostik-therapien","status":"publish","type":"page","link":"https:\/\/www.spoenle.de\/?page_id=23","title":{"rendered":"Diagnostik &#038; Therapien"},"content":{"rendered":"<div class=\"advanced_wp_columns_wrapper \" style=\"margin: 0px; padding: 0px; width: 600px;\">\n<div class=\"advanced_wp_column \" style=\"float: left; margin: 0px; padding: 0px; width: 290px;\">\n<ul style=\"color: #444444; font-family: Georgia, 'Bitstream Charter', serif; line-height: 1.5; font-size: 16px; margin-bottom: 24px; margin-left: 1.5em; list-style-type: square;\">\n<li style=\"line-height: 1.5;\">Ausleitende Verfahren wie\u00a0Reflexzonentherapie,\u00a0Schr\u00f6pfen, Entgiftungskuren*<\/li>\n<li style=\"line-height: 1.5;\">Bachbl\u00fctentherapie<\/li>\n<li style=\"line-height: 1.5;\">Darmsanierung<\/li>\n<li>Ern\u00e4hrungsberatung<\/li>\n<li>Ents\u00e4uerungstherapie*<\/li>\n<li>Enzymtherapie<\/li>\n<li>Farbtherapie<\/li>\n<li style=\"line-height: 1.5;\">Fu\u00dfpflege<\/li>\n<li style=\"line-height: 1.5;\">HHP-Andullation<\/li>\n<li style=\"line-height: 1.5;\">Hom\u00f6oakkupunktur<\/li>\n<li style=\"line-height: 1.5;\">Hom\u00f6opathie<\/li>\n<\/ul>\n<\/div>\n<div class=\"advanced_wp_column \" style=\"float: left; margin: 0px; padding: 0px; width: 290px;\">\n<ul style=\"list-style-type: square; margin-bottom: 24px; margin-left: 1.5em; color: #444444; font-family: Georgia, 'Bitstream Charter', serif; line-height: 1.5; font-size: 16px;\">\n<li>Hom\u00f6otoxikologie<\/li>\n<li style=\"line-height: 1.5;\">Labordiagnositik<\/li>\n<li style=\"line-height: 1.5;\">Medi-Taping-Therapie<\/li>\n<li style=\"line-height: 1.5;\">Mikroimmuntherapie<\/li>\n<li style=\"line-height: 1.5;\">Mineralstoffdiagnostik<\/li>\n<li style=\"line-height: 1.5;\"><a href=\"http:\/\/www.spoenle.de\/?page_id=79\" target=\"_blank\" rel=\"noopener\">Nagelpilztherapie<\/a><\/li>\n<li style=\"line-height: 1.5;\">Neuraltherapie<\/li>\n<li style=\"line-height: 1.5;\">Orthomolekulare Medizin<\/li>\n<li style=\"line-height: 1.5;\">Schmerztherapie<\/li>\n<li style=\"line-height: 1.5;\">Ultraschalltherapie<\/li>\n<li style=\"line-height: 1.5;\">Vitalkuren<\/li>\n<\/ul>\n<\/div>\n<div style=\"clear: both;\">\u00a0*\u00a0<em>Wir nehmen Sie als aufgekl\u00e4rte Patienten ernst und gehen davon aus, dass Ihnen bekannt ist, dass Heilpraktiker \u00fcberwiegend Behandlungsmethoden aus der Komplement\u00e4r- oder Alternativmedizin verwenden, f\u00fcr deren Wirksamkeit es keine gesicherten wissenschaftlichen Erkenntnisse gibt.\u00a0<\/em><br \/>\n<em>Dennoch sind wir aus rechtlichen Gr\u00fcnden gezwungen, Sie darauf hinzuweisen, dass keine gesicherten wissenschaftlichen Erkenntnisse \u00fcber die therapeutische Wirksamkeit der angebotenen Behandlung bzw. Behandlungsmethoden vorliegen.<\/em><\/div>\n<\/div>\n","protected":false},"excerpt":{"rendered":"<p>Ausleitende Verfahren wie\u00a0Reflexzonentherapie,\u00a0Schr\u00f6pfen, Entgiftungskuren* Bachbl\u00fctentherapie Darmsanierung Ern\u00e4hrungsberatung Ents\u00e4uerungstherapie* Enzymtherapie Farbtherapie Fu\u00dfpflege HHP-Andullation Hom\u00f6oakkupunktur Hom\u00f6opathie Hom\u00f6otoxikologie Labordiagnositik Medi-Taping-Therapie Mikroimmuntherapie Mineralstoffdiagnostik Nagelpilztherapie Neuraltherapie Orthomolekulare Medizin Schmerztherapie Ultraschalltherapie Vitalkuren \u00a0*\u00a0Wir nehmen Sie als aufgekl\u00e4rte Patienten ernst und gehen davon aus, dass Ihnen bekannt &hellip; <a href=\"https:\/\/www.spoenle.de\/?page_id=23\">Weiterlesen <span class=\"meta-nav\">&rarr;<\/span><\/a><\/p>\n","protected":false},"author":1,"featured_media":0,"parent":0,"menu_order":0,"comment_status":"closed","ping_status":"closed","template":"","meta":{"footnotes":""},"class_list":["post-23","page","type-page","status-publish","hentry"],"_links":{"self":[{"href":"https:\/\/www.spoenle.de\/index.php?rest_route=\/wp\/v2\/pages\/23","targetHints":{"allow":["GET"]}}],"collection":[{"href":"https:\/\/www.spoenle.de\/index.php?rest_route=\/wp\/v2\/pages"}],"about":[{"href":"https:\/\/www.spoenle.de\/index.php?rest_route=\/wp\/v2\/types\/page"}],"author":[{"embeddable":true,"href":"https:\/\/www.spoenle.de\/index.php?rest_route=\/wp\/v2\/users\/1"}],"replies":[{"embeddable":true,"href":"https:\/\/www.spoenle.de\/index.php?rest_route=%2Fwp%2Fv2%2Fcomments&post=23"}],"version-history":[{"count":17,"href":"https:\/\/www.spoenle.de\/index.php?rest_route=\/wp\/v2\/pages\/23\/revisions"}],"predecessor-version":[{"id":214,"href":"https:\/\/www.spoenle.de\/index.php?rest_route=\/wp\/v2\/pages\/23\/revisions\/214"}],"wp:attachment":[{"href":"https:\/\/www.spoenle.de\/index.php?rest_route=%2Fwp%2Fv2%2Fmedia&parent=23"}],"curies":[{"name":"wp","href":"https:\/\/api.w.org\/{rel}","templated":true}]}}