{"id":36,"date":"2013-07-30T22:06:32","date_gmt":"2013-07-30T20:06:32","guid":{"rendered":"http:\/\/www.naturheilpraxis-obersulm.de\/?page_id=36"},"modified":"2025-09-01T11:09:47","modified_gmt":"2025-09-01T09:09:47","slug":"impressum","status":"publish","type":"page","link":"http:\/\/www.spoenle.de\/?page_id=36","title":{"rendered":"Impressum und Datenschutz"},"content":{"rendered":"<p><strong><span style=\"color: #333333; font-family: Georgia, 'Times New Roman', 'Bitstream Charter', Times, serif;\">Carmen Spoenle<br \/>\n<\/span><\/strong><span style=\"color: #333333; font-family: Georgia, 'Times New Roman', 'Bitstream Charter', Times, serif;\">Heilpraktikerin<br \/>\n<\/span><span style=\"color: #333333; font-family: Georgia, 'Times New Roman', 'Bitstream Charter', Times, serif;\">74182 Obersulm, L\u00f6wensteiner Stra\u00dfe 13<br \/>\n<\/span><span style=\"color: #333333; font-family: Georgia, 'Times New Roman', 'Bitstream Charter', Times, serif;\">Telefon: 07134-510959<br \/>\n<\/span><span style=\"color: #333333; font-family: Georgia, 'Times New Roman', 'Bitstream Charter', Times, serif;\">email: info(at)spoenle.de<br \/>\n<\/span><span style=\"color: #333333; font-family: Georgia, 'Times New Roman', 'Bitstream Charter', Times, serif;\">Zust\u00e4ndige Beh\u00f6rde:\u00a0Landratsamt Heilbronn &#8211; Gesundheitsamt<\/span><\/p>\n<div>\n<p style=\"text-align: justify;\"><strong>Datenschutzerkl\u00e4rung:<br \/>\n<\/strong>Wenn Sie auf unsere Webseite zugreifen, werden automatisch Informationen allgemeiner Natur erfasst. Diese Informationen (Server-Logfiles) beinhalten etwa die Art des Webbrowsers, das verwendete Betriebssystem, den Domainnamen Ihres Internet Service Providers und \u00c4hnliches. Hierbei handelt es sich ausschlie\u00dflich um Informationen, welche keine R\u00fcckschl\u00fcsse auf Ihre Person zulassen. Diese Informationen sind technisch notwendig, um von Ihnen angeforderte Inhalte von Webseiten korrekt auszuliefern und fallen bei Nutzung des Internets zwingend an.<\/p>\n<p style=\"text-align: justify;\">\u00dcber unsere Webseite werden keine personenbezogenen Daten erhoben. Personenbezogene Daten erheben wir ausschlie\u00dflich bei der ersten Anamnese in unserer Praxis. Eine Speicherung Ihrer\u00a0IP-Adresse erfolgt nicht.<\/p>\n<p style=\"text-align: justify;\">Der Schutz Ihrer pers\u00f6nlichen Daten hat f\u00fcr unsere Praxis oberste Priorit\u00e4t. Dieses Prinzip gilt f\u00fcr all unsere angebotenen Dienstleistungen. Wir werden Ihre Angaben daher sorgf\u00e4ltig und entsprechend den gesetzlichen Bestimmungen zum Datenschutz (insbesondere Datenschutzverordnung der Europ\u00e4ischen Union und Bundesdatenschutzgesetz) verarbeiten und nutzen. Ohne Ihre Zustimmung werden wir Ihre Daten nicht an Dritte weitergeben, ausgenommen die \u00dcbermittlung an mitbehandelnde \u00c4rzte und Labore zur Erf\u00fcllung des Vertragsverh\u00e4ltnisses.<\/p>\n<p style=\"text-align: justify;\">Die Naturheilpraxis Carmen Sp\u00f6nle, vertreten durch Carmen Sp\u00f6nle, ist \u201eVerantwortlicher\u201c f\u00fcr den Datenschutz.<\/p>\n<p style=\"text-align: justify;\">Weitere Informationen zu den Risiken und den M\u00f6glichkeiten, sich zu sch\u00fctzen, finden Sie beispielsweise unter der Adresse <a href=\"http:\/\/www.datenschutz.de\/\">www.datenschutz.de<\/a>.<\/p>\n<p style=\"text-align: justify;\">Wir erheben, verarbeiten und nutzen die von Ihnen angegebenen Daten nur zum Zweck der Vertragsabwicklung und vertraglichen Betreuung oder um Ihre Anfragen bearbeiten zu k\u00f6nnen. Diese Verarbeitung erfolgt aufgrund der Regelung des Art. 6 Abs. 1 Buchstaben a &#8211; d und f DSGVO. Wir verarbeiten Daten zur Wahrung unserer eigenen berechtigten Interessen, insbesondere zur Abrechnung der Ihnen gegen\u00fcber erbrachten Dienstleistungen. Pers\u00f6nliche Daten sind diejenigen Informationen, die eine Identifizierung einer Person m\u00f6glich machen. Dazu geh\u00f6ren insbesondere Name, Geburtsdatum, Adresse und Telefonnummer. Dar\u00fcber hinaus speichern wir die zu Ihrer Person diagnostizierten Gesundheitsdaten. Wenn Sie uns eine E-Mail senden, verwenden wir Ihre Mail-Adresse nur f\u00fcr die Korrespondenz mit Ihnen; selbstverst\u00e4ndlich erfolgt keine Weitergabe an Dritte.<\/p>\n<p style=\"text-align: justify;\">Ihre personenbezogenen Daten verarbeiten wir mit Softwaresystemen, die selbst auch datenschutzkonform arbeiten.<\/p>\n<p style=\"text-align: justify;\">Die von Ihnen mitgeteilten pers\u00f6nlichen Daten k\u00f6nne von uns mindestens bis zum Ende der jeweiligen gesetzlichen Aufbewahrungspflicht gespeichert werden. In F\u00e4llen, in denen Sie uns dies Einwilligung gegeben haben, k\u00f6nnen Sie die Einwilligung f\u00fcr die zuk\u00fcnftige Verarbeitung jederzeit widerrufen.<\/p>\n<p style=\"text-align: justify;\">Wir informieren Sie au\u00dferdem dar\u00fcber, dass Sie jederzeit unter der o. g. Adresse<br \/>\n1. Auskunft \u00fcber Ihre bei uns gespeicherten personenbezogenen Daten erhalten k\u00f6nnen,<br \/>\n2. im Falle fehlerhafter Daten jederzeit Berichtigung verlangen k\u00f6nnen,<br \/>\n3. die L\u00f6schung, Sperrung oder Einschr\u00e4nkung Ihrer personenbezogenen Daten fordern k\u00f6nnen, soweit dies nicht gesetzlichen Bestimmungen oder der Wahrung unserer pers\u00f6nlichen Interessen entgegensteht,<br \/>\n4. ein Recht auf Daten\u00fcbertragbarkeit geltend machen k\u00f6nnen.<\/p>\n<p style=\"text-align: justify;\">Sie haben jederzeit das Recht, die Einwilligung zur Speicherung, Verarbeitung und Nutzung Ihrer personenbezogenen Daten ohne Angabe von Gr\u00fcnden unter der o. g. Adresse zu widerrufen, ohne dass die Rechtm\u00e4\u00dfigkeit der aufgrund der Einwilligung bis zum Widerruf erfolgten Verarbeitung ber\u00fchrt wird.<br \/>\nAu\u00dferdem haben Sie das jederzeitige Recht, sich wegen evtl. Datenschutzverst\u00f6\u00dfe mit einer Beschwerde an die zust\u00e4ndige Aufsichtsbeh\u00f6rde zu wenden.<\/p>\n<\/div>\n<div><strong><span style=\"color: #333333; font-family: Georgia, 'Times New Roman', 'Bitstream Charter', Times, serif;\"><br \/>\nHinweise:<\/span><\/strong><\/div>\n<div><span style=\"color: #333333; font-family: Georgia, 'Times New Roman', 'Bitstream Charter', Times, serif;\">Die Inhalte dieser Website unterliegen dem Copyright. Die Vervielf\u00e4ltigung, Ver\u00e4nderung oder Verwendung von Inhalten ist nicht erlaubt.<\/span><\/div>\n<div><span style=\"color: #333333; font-family: Georgia, 'Times New Roman', 'Bitstream Charter', Times, serif;\">Alle Angebote und Informationen sind unverbindlich. Ich behalte es mir vor, jederzeit ohne vorherige Ank\u00fcndigung das Angebot zu ver\u00e4ndern, zu erg\u00e4nzen, zu l\u00f6schen oder die Ver\u00f6ffentlichung einzustellen.<\/span><\/div>\n<div><span style=\"color: #333333; font-family: Georgia, 'Times New Roman', 'Bitstream Charter', Times, serif;\">Trotz sorgf\u00e4ltiger inhaltlicher Kontrolle \u00fcbernehme ich keine Haftung f\u00fcr die Inhalte externer Links. F\u00fcr den Inhalt verlinkter Seiten sind ausschlie\u00dflich deren Betreiber verantwortlich.\u00a0<\/span><\/div>\n<p>&nbsp;<\/p>\n","protected":false},"excerpt":{"rendered":"<p>Carmen Spoenle Heilpraktikerin 74182 Obersulm, L\u00f6wensteiner Stra\u00dfe 13 Telefon: 07134-510959 email: info(at)spoenle.de Zust\u00e4ndige Beh\u00f6rde:\u00a0Landratsamt Heilbronn &#8211; Gesundheitsamt Datenschutzerkl\u00e4rung: Wenn Sie auf unsere Webseite zugreifen, werden automatisch Informationen allgemeiner Natur erfasst. Diese Informationen (Server-Logfiles) beinhalten etwa die Art des Webbrowsers, das &hellip; <a href=\"http:\/\/www.spoenle.de\/?page_id=36\">Weiterlesen <span class=\"meta-nav\">&rarr;<\/span><\/a><\/p>\n","protected":false},"author":1,"featured_media":0,"parent":0,"menu_order":0,"comment_status":"closed","ping_status":"closed","template":"","meta":{"footnotes":""},"class_list":["post-36","page","type-page","status-publish","hentry"],"_links":{"self":[{"href":"http:\/\/www.spoenle.de\/index.php?rest_route=\/wp\/v2\/pages\/36","targetHints":{"allow":["GET"]}}],"collection":[{"href":"http:\/\/www.spoenle.de\/index.php?rest_route=\/wp\/v2\/pages"}],"about":[{"href":"http:\/\/www.spoenle.de\/index.php?rest_route=\/wp\/v2\/types\/page"}],"author":[{"embeddable":true,"href":"http:\/\/www.spoenle.de\/index.php?rest_route=\/wp\/v2\/users\/1"}],"replies":[{"embeddable":true,"href":"http:\/\/www.spoenle.de\/index.php?rest_route=%2Fwp%2Fv2%2Fcomments&post=36"}],"version-history":[{"count":14,"href":"http:\/\/www.spoenle.de\/index.php?rest_route=\/wp\/v2\/pages\/36\/revisions"}],"predecessor-version":[{"id":181,"href":"http:\/\/www.spoenle.de\/index.php?rest_route=\/wp\/v2\/pages\/36\/revisions\/181"}],"wp:attachment":[{"href":"http:\/\/www.spoenle.de\/index.php?rest_route=%2Fwp%2Fv2%2Fmedia&parent=36"}],"curies":[{"name":"wp","href":"https:\/\/api.w.org\/{rel}","templated":true}]}}